{"id":1233,"date":"2024-10-11T17:16:10","date_gmt":"2024-10-11T17:16:10","guid":{"rendered":"https:\/\/erppd.institute\/?page_id=1233"},"modified":"2024-10-14T18:20:41","modified_gmt":"2024-10-14T18:20:41","slug":"migratorias","status":"publish","type":"page","link":"https:\/\/erppd.institute\/en\/migratorias\/","title":{"rendered":"migratorias"},"content":{"rendered":"<div data-elementor-type=\"wp-page\" data-elementor-id=\"1233\" class=\"elementor elementor-1233\">\n\t\t\t\t\t\t<section class=\"elementor-section elementor-top-section elementor-element elementor-element-eedafb9 elementor-section-content-middle elementor-section-full_width elementor-section-height-default elementor-section-height-default\" data-id=\"eedafb9\" data-element_type=\"section\">\n\t\t\t\t\t\t<div class=\"elementor-container elementor-column-gap-default\">\n\t\t\t\t\t<div class=\"elementor-column elementor-col-100 elementor-top-column elementor-element elementor-element-571508b\" data-id=\"571508b\" data-element_type=\"column\" data-settings=\"{&quot;background_background&quot;:&quot;gradient&quot;}\">\n\t\t\t<div class=\"elementor-widget-wrap elementor-element-populated\">\n\t\t\t\t\t\t<div class=\"elementor-element elementor-element-fb80230 elementor-widget elementor-widget-heading\" data-id=\"fb80230\" data-element_type=\"widget\" data-widget_type=\"heading.default\">\n\t\t\t\t<div class=\"elementor-widget-container\">\n\t\t\t<style>\/*! elementor - v3.23.0 - 05-08-2024 *\/\n.elementor-heading-title{padding:0;margin:0;line-height:1}.elementor-widget-heading .elementor-heading-title[class*=elementor-size-]>a{color:inherit;font-size:inherit;line-height:inherit}.elementor-widget-heading .elementor-heading-title.elementor-size-small{font-size:15px}.elementor-widget-heading .elementor-heading-title.elementor-size-medium{font-size:19px}.elementor-widget-heading .elementor-heading-title.elementor-size-large{font-size:29px}.elementor-widget-heading .elementor-heading-title.elementor-size-xl{font-size:39px}.elementor-widget-heading .elementor-heading-title.elementor-size-xxl{font-size:59px}<\/style><h6 class=\"elementor-heading-title elementor-size-default\">Curso<\/h6>\t\t<\/div>\n\t\t\t\t<\/div>\n\t\t\t\t<div class=\"elementor-element elementor-element-2fc2cb6 elementor-widget elementor-widget-heading\" data-id=\"2fc2cb6\" data-element_type=\"widget\" data-widget_type=\"heading.default\">\n\t\t\t\t<div class=\"elementor-widget-container\">\n\t\t\t<h2 class=\"elementor-heading-title elementor-size-default\">Pol\u00edticas Migratorias<\/h2>\t\t<\/div>\n\t\t\t\t<\/div>\n\t\t\t\t\t<\/div>\n\t\t<\/div>\n\t\t\t\t\t<\/div>\n\t\t<\/section>\n\t\t\t\t<section class=\"elementor-section elementor-top-section elementor-element elementor-element-1ca6050 elementor-section-content-middle elementor-section-boxed elementor-section-height-default elementor-section-height-default\" data-id=\"1ca6050\" data-element_type=\"section\">\n\t\t\t\t\t\t\t<div class=\"elementor-background-overlay\"><\/div>\n\t\t\t\t\t\t\t<div class=\"elementor-container elementor-column-gap-default\">\n\t\t\t\t\t<div class=\"elementor-column elementor-col-100 elementor-top-column elementor-element elementor-element-0958112\" data-id=\"0958112\" data-element_type=\"column\">\n\t\t\t<div class=\"elementor-widget-wrap elementor-element-populated\">\n\t\t\t\t\t\t<div class=\"elementor-element elementor-element-0c4d7c9 elementor-widget elementor-widget-text-editor\" data-id=\"0c4d7c9\" data-element_type=\"widget\" data-widget_type=\"text-editor.default\">\n\t\t\t\t<div class=\"elementor-widget-container\">\n\t\t\t\t\t\t\t<p>\t\t<div data-elementor-type=\"wp-post\" data-elementor-id=\"946\" class=\"elementor elementor-946\">\n\t\t\t\t<div class=\"elementor-element elementor-element-f2f32e8 e-con-full e-flex e-con e-parent\" data-id=\"f2f32e8\" data-element_type=\"container\" data-settings=\"{&quot;background_background&quot;:&quot;classic&quot;}\">\n\t\t<div class=\"elementor-element elementor-element-eaf6540 e-con-full e-flex e-con e-child\" data-id=\"eaf6540\" data-element_type=\"container\">\n\t\t\t\t<div class=\"elementor-element elementor-element-c8468ba elementor-widget elementor-widget-image\" data-id=\"c8468ba\" data-element_type=\"widget\" data-widget_type=\"image.default\">\n\t\t\t\t<div class=\"elementor-widget-container\">\n\t\t\t<style>\/*! elementor - v3.23.0 - 05-08-2024 *\/\n.elementor-widget-image{text-align:center}.elementor-widget-image a{display:inline-block}.elementor-widget-image a img[src$=\".svg\"]{width:48px}.elementor-widget-image img{vertical-align:middle;display:inline-block}<\/style>\t\t\t\t\t\t\t\t\t\t<img fetchpriority=\"high\" decoding=\"async\" width=\"602\" height=\"602\" src=\"https:\/\/erppd.institute\/wp-content\/uploads\/2024\/07\/Greece-52658399-EPA.jpg\" class=\"attachment-large size-large wp-image-963\" alt=\"\" \/>\t\t\t\t\t\t\t\t\t\t\t\t\t<\/div>\n\t\t\t\t<\/div>\n\t\t\t\t<\/div>\n\t\t<div class=\"elementor-element elementor-element-80f2794 e-con-full e-flex e-con e-child\" data-id=\"80f2794\" data-element_type=\"container\" data-settings=\"{&quot;background_background&quot;:&quot;classic&quot;}\">\n\t\t<div class=\"elementor-element elementor-element-112334b e-con-full e-flex e-con e-child\" data-id=\"112334b\" data-element_type=\"container\">\n\t\t\t\t<div class=\"elementor-element elementor-element-ebbbf0f elementor-widget elementor-widget-heading\" data-id=\"ebbbf0f\" data-element_type=\"widget\" data-widget_type=\"heading.default\">\n\t\t\t\t<div class=\"elementor-widget-container\">\n\t\t\t<h4 class=\"elementor-heading-title elementor-size-default\">OBJECTIVE<\/h4>\t\t<\/div>\n\t\t\t\t<\/div>\n\t\t\t\t<div class=\"elementor-element elementor-element-a51f5cb elementor-widget elementor-widget-text-editor\" data-id=\"a51f5cb\" data-element_type=\"widget\" data-widget_type=\"text-editor.default\">\n\t\t\t\t<div class=\"elementor-widget-container\">\n\t\t\t<style>\/*! elementor - v3.23.0 - 05-08-2024 *\/\n.elementor-widget-text-editor.elementor-drop-cap-view-stacked .elementor-drop-cap{background-color:#69727d;color:#fff}.elementor-widget-text-editor.elementor-drop-cap-view-framed .elementor-drop-cap{color:#69727d;border:3px solid;background-color:transparent}.elementor-widget-text-editor:not(.elementor-drop-cap-view-default) .elementor-drop-cap{margin-top:8px}.elementor-widget-text-editor:not(.elementor-drop-cap-view-default) .elementor-drop-cap-letter{width:1em;height:1em}.elementor-widget-text-editor .elementor-drop-cap{float:left;text-align:center;line-height:1;font-size:50px}.elementor-widget-text-editor .elementor-drop-cap-letter{display:inline-block}<\/style>\t\t\t\t<p>Comprender el fen\u00f3meno migratorio&nbsp;centroamericano para plantear&nbsp;propuestas que generen soluciones, en el&nbsp;marco de la formulaci\u00f3n de pol\u00edticas&nbsp;p\u00fablicas.<\/p>\t\t\t\t\t\t<\/div>\n\t\t\t\t<\/div>\n\t\t\t\t<\/div>\n\t\t<div class=\"elementor-element elementor-element-36ccfcf e-con-full e-flex e-con e-child\" data-id=\"36ccfcf\" data-element_type=\"container\">\n\t\t\t\t<div class=\"elementor-element elementor-element-dd2cce9 elementor-widget elementor-widget-heading\" data-id=\"dd2cce9\" data-element_type=\"widget\" data-widget_type=\"heading.default\">\n\t\t\t\t<div class=\"elementor-widget-container\">\n\t\t\t<h4 class=\"elementor-heading-title elementor-size-default\">SPECIFIC OBJECTIVES\n<\/h4>\t\t<\/div>\n\t\t\t\t<\/div>\n\t\t\t\t<div class=\"elementor-element elementor-element-e4e3641 elementor-widget elementor-widget-text-editor\" data-id=\"e4e3641\" data-element_type=\"widget\" data-widget_type=\"text-editor.default\">\n\t\t\t\t<div class=\"elementor-widget-container\">\n\t\t\t\t\t\t\t<p>1.&nbsp; Incentivar a los estudiantes a observar,&nbsp;desde sus \u00e1reas de experiencia y&nbsp;profesi\u00f3n,&nbsp; las diferentes propuestas para la&nbsp;atenci\u00f3n de los problemas p\u00fablicos&nbsp;inherentes al fen\u00f3meno migratorio.<\/p>\n<p>2.&nbsp; Desarrollar lineamientos relacionados a&nbsp;la formulaci\u00f3n de propuestas de pol\u00edticas&nbsp;p\u00fablicas para atender el fen\u00f3meno&nbsp;migratorio en sus distintas \u00e1reas de&nbsp;especificidad.<\/p>\t\t\t\t\t\t<\/div>\n\t\t\t\t<\/div>\n\t\t\t\t<\/div>\n\t\t\t\t<\/div>\n\t\t\t\t<\/div>\n\t\t<div class=\"elementor-element elementor-element-4fdcb72 e-flex e-con-boxed e-con e-parent\" data-id=\"4fdcb72\" data-element_type=\"container\">\n\t\t\t\t\t<div class=\"e-con-inner\">\n\t\t<div class=\"elementor-element elementor-element-511e55d e-grid e-con-full e-con e-child\" data-id=\"511e55d\" data-element_type=\"container\">\n\t\t<div class=\"elementor-element elementor-element-4e13b7d e-con-full e-flex e-con e-child\" data-id=\"4e13b7d\" data-element_type=\"container\">\n\t\t\t\t<div class=\"elementor-element elementor-element-abcf316 elementor-widget elementor-widget-heading\" data-id=\"abcf316\" data-element_type=\"widget\" data-widget_type=\"heading.default\">\n\t\t\t\t<div class=\"elementor-widget-container\">\n\t\t\t<h3 class=\"elementor-heading-title elementor-size-default\">GENERAL COURSE INFORMATION\nUPDATE<\/h3>\t\t<\/div>\n\t\t\t\t<\/div>\n\t\t\t\t<div class=\"elementor-element elementor-element-d2bda71 elementor-widget elementor-widget-read-more\" data-id=\"d2bda71\" data-element_type=\"widget\" data-widget_type=\"read-more.default\">\n\t\t\t\t<div class=\"elementor-widget-container\">\n\t\t\t<\/div><\/div><\/div><\/div><\/div><\/div><\/div> <a href=\"https:\/\/erppd.institute\/en\/migratorias\/#more-1233\" class=\"more-link elementor-more-link\"><span aria-label=\"Continue reading migratorias\">Desde el a\u00f1o 2008, con el incremento en las deportaciones, debido a los cambios sensibles en la pol\u00edtica migratoria de EE.UU., Centroam\u00e9rica ha sufrido los efectos en su econom\u00eda y sociedad, evidenciando la carencia de respuestas institucionales desde cada uno de los Estados, sobre todo del norte centroamericano, que son los pa\u00edses que m\u00e1s han contribuido a este problema.  Actualmente existen muy escasos espacios acad\u00e9micos para debatir propuestas serias de pol\u00edticas p\u00fablicas vinculadas al fen\u00f3meno de la migraci\u00f3n, sobre todo en funci\u00f3n de contenci\u00f3n migratoria, atenci\u00f3n a personas en situaci\u00f3n de retorno, ni\u00f1ez no acompa\u00f1ada, entre otros; esto dificulta construir aportes de soluci\u00f3n para dichos problemas p\u00fablicos.  La Universidad de San Carlos de Guatemala (USAC), por medio de la Escuela Regional de Pol\u00edticas P\u00fablicas para el Desarrollo, cuenta con la infraestructura y recurso humano necesarios para atender a un sector de la poblaci\u00f3n interesada en profundizar sobre aspectos migratorios en el pa\u00eds, que contribuyan en la comprensi\u00f3n de las din\u00e1micas que est\u00e1n surgiendo alrededor de ella, intentando construir propuestas de soluci\u00f3n procedentes desde un enfoque de pol\u00edticas p\u00fablicas.<\/span><\/a><\/p>\t\t\t\t\t\t<\/div>\n\t\t\t\t<\/div>\n\t\t\t\t\t<\/div>\n\t\t<\/div>\n\t\t\t\t\t<\/div>\n\t\t<\/section>\n\t\t\t\t<\/div>","protected":false},"excerpt":{"rendered":"<p>Curso Pol\u00edticas Migratorias<\/p>","protected":false},"author":1,"featured_media":0,"parent":0,"menu_order":0,"comment_status":"closed","ping_status":"closed","template":"page-templates\/page_front-page.php","meta":{"_monsterinsights_skip_tracking":false,"_monsterinsights_sitenote_active":false,"_monsterinsights_sitenote_note":"","_monsterinsights_sitenote_category":0,"footnotes":""},"aioseo_notices":[],"rttpg_featured_image_url":null,"rttpg_author":{"display_name":"proyectosdevgt@gmail.com","author_link":"https:\/\/erppd.institute\/en\/author\/proyectosdevgtgmail-com\/"},"rttpg_comment":0,"rttpg_category":null,"rttpg_excerpt":"Curso Pol\u00edticas Migratorias","_links":{"self":[{"href":"https:\/\/erppd.institute\/en\/wp-json\/wp\/v2\/pages\/1233"}],"collection":[{"href":"https:\/\/erppd.institute\/en\/wp-json\/wp\/v2\/pages"}],"about":[{"href":"https:\/\/erppd.institute\/en\/wp-json\/wp\/v2\/types\/page"}],"author":[{"embeddable":true,"href":"https:\/\/erppd.institute\/en\/wp-json\/wp\/v2\/users\/1"}],"replies":[{"embeddable":true,"href":"https:\/\/erppd.institute\/en\/wp-json\/wp\/v2\/comments?post=1233"}],"version-history":[{"count":13,"href":"https:\/\/erppd.institute\/en\/wp-json\/wp\/v2\/pages\/1233\/revisions"}],"predecessor-version":[{"id":1261,"href":"https:\/\/erppd.institute\/en\/wp-json\/wp\/v2\/pages\/1233\/revisions\/1261"}],"wp:attachment":[{"href":"https:\/\/erppd.institute\/en\/wp-json\/wp\/v2\/media?parent=1233"}],"curies":[{"name":"wp","href":"https:\/\/api.w.org\/{rel}","templated":true}]}}